{"id":32754,"date":"2024-06-23T00:25:27","date_gmt":"2024-06-22T23:25:27","guid":{"rendered":"https:\/\/taxitourtenerife.com\/entradas\/traslado-desde-santa-cruz-de-tenerife-al-aeropuerto-de-tenerife-sur-tfs\/"},"modified":"2025-10-06T21:51:02","modified_gmt":"2025-10-06T20:51:02","slug":"traslado-desde-santa-cruz-al-aeropuerto-sur","status":"publish","type":"product","link":"https:\/\/taxitourtenerife.com\/en\/product\/traslado-desde-santa-cruz-al-aeropuerto-sur\/","title":{"rendered":"Transfer from Santa Cruz to South Airport"},"content":{"rendered":"<p>Transfer from Santa Cruz de Tenerife to Tenerife South Airport (TFS). The estimated price is for 4 passengers from the Santa Cruz de Tenerife metropolitan area to Reina Sofia Airport (TFS).<\/p>\n","protected":false},"excerpt":{"rendered":"<p>Transfer from Santa Cruz de Tenerife to Tenerife South Airport (TFS). The estimated price is for 4 passengers from the Santa Cruz de Tenerife metropolitan area to Reina Sofia Airport (TFS).<\/p>\n","protected":false},"featured_media":31266,"comment_status":"open","ping_status":"closed","template":"","meta":{"_joinchat":[]},"product_brand":[],"product_cat":[424],"product_tag":[429,430],"class_list":{"0":"post-32754","1":"product","2":"type-product","3":"status-publish","4":"has-post-thumbnail","6":"product_cat-transfer","7":"product_tag-aeropuerto-en","8":"product_tag-tfs-en","10":"first","11":"instock","12":"taxable","13":"shipping-taxable","14":"product-type-external"},"yoast_head":"<!-- This site is optimized with the Yoast SEO Premium plugin v27.4 (Yoast SEO v27.4) - https:\/\/yoast.com\/product\/yoast-seo-premium-wordpress\/ -->\n<title>Transfer from Santa Cruz to South Airport - Taxi Tour Tenerife<\/title>\n<meta name=\"description\" content=\"Traslado desde Santa Cruz de Tenerife al Aeropuerto de Tenerife Sur, TFS. Precio estimado para 4 pajeros desde Santa Cruz de Tenerife al Aeropuerto TFS.\" \/>\n<meta name=\"robots\" content=\"index, follow, max-snippet:-1, max-image-preview:large, max-video-preview:-1\" \/>\n<link rel=\"canonical\" href=\"https:\/\/taxitourtenerife.com\/en\/product\/traslado-desde-santa-cruz-al-aeropuerto-sur\/\" \/>\n<meta property=\"og:locale\" content=\"en_US\" \/>\n<meta property=\"og:type\" content=\"article\" \/>\n<meta property=\"og:title\" content=\"Transfer from Santa Cruz to South Airport\" \/>\n<meta property=\"og:description\" content=\"Traslado desde Santa Cruz de Tenerife al Aeropuerto de Tenerife Sur, TFS. Precio estimado para 4 pajeros desde Santa Cruz de Tenerife al Aeropuerto TFS.\" \/>\n<meta property=\"og:url\" content=\"https:\/\/taxitourtenerife.com\/en\/product\/traslado-desde-santa-cruz-al-aeropuerto-sur\/\" \/>\n<meta property=\"og:site_name\" content=\"Taxi Tour Tenerife\" \/>\n<meta property=\"article:publisher\" content=\"https:\/\/www.facebook.com\/taxitourtf\/\" \/>\n<meta property=\"article:modified_time\" content=\"2025-10-06T20:51:02+00:00\" \/>\n<meta property=\"og:image\" content=\"https:\/\/taxitourtenerife.com\/wp-content\/uploads\/2024\/06\/aeropuerto-tfs.jpg\" \/>\n\t<meta property=\"og:image:width\" content=\"648\" \/>\n\t<meta property=\"og:image:height\" content=\"648\" \/>\n\t<meta property=\"og:image:type\" content=\"image\/jpeg\" \/>\n<meta name=\"twitter:card\" content=\"summary_large_image\" \/>\n<meta name=\"twitter:site\" content=\"@taxitourtf\" \/>\n<meta name=\"twitter:label1\" content=\"Est. reading time\" \/>\n\t<meta name=\"twitter:data1\" content=\"1 minute\" \/>\n<script type=\"application\/ld+json\" class=\"yoast-schema-graph\">{\"@context\":\"https:\\\/\\\/schema.org\",\"@graph\":[{\"@type\":\"WebPage\",\"@id\":\"https:\\\/\\\/taxitourtenerife.com\\\/en\\\/product\\\/traslado-desde-santa-cruz-al-aeropuerto-sur\\\/\",\"url\":\"https:\\\/\\\/taxitourtenerife.com\\\/en\\\/product\\\/traslado-desde-santa-cruz-al-aeropuerto-sur\\\/\",\"name\":\"Transfer from Santa Cruz to South Airport - Taxi Tour Tenerife\",\"isPartOf\":{\"@id\":\"https:\\\/\\\/taxitourtenerife.com\\\/en\\\/#website\"},\"primaryImageOfPage\":{\"@id\":\"https:\\\/\\\/taxitourtenerife.com\\\/en\\\/product\\\/traslado-desde-santa-cruz-al-aeropuerto-sur\\\/#primaryimage\"},\"image\":{\"@id\":\"https:\\\/\\\/taxitourtenerife.com\\\/en\\\/product\\\/traslado-desde-santa-cruz-al-aeropuerto-sur\\\/#primaryimage\"},\"thumbnailUrl\":\"https:\\\/\\\/taxitourtenerife.com\\\/wp-content\\\/uploads\\\/2024\\\/06\\\/aeropuerto-tfs.jpg\",\"datePublished\":\"2024-06-22T23:25:27+00:00\",\"dateModified\":\"2025-10-06T20:51:02+00:00\",\"description\":\"Traslado desde Santa Cruz de Tenerife al Aeropuerto de Tenerife Sur, TFS. Precio estimado para 4 pajeros desde Santa Cruz de Tenerife al Aeropuerto TFS.\",\"breadcrumb\":{\"@id\":\"https:\\\/\\\/taxitourtenerife.com\\\/en\\\/product\\\/traslado-desde-santa-cruz-al-aeropuerto-sur\\\/#breadcrumb\"},\"inLanguage\":\"en-US\",\"potentialAction\":[{\"@type\":\"ReadAction\",\"target\":[\"https:\\\/\\\/taxitourtenerife.com\\\/en\\\/product\\\/traslado-desde-santa-cruz-al-aeropuerto-sur\\\/\"]}]},{\"@type\":\"ImageObject\",\"inLanguage\":\"en-US\",\"@id\":\"https:\\\/\\\/taxitourtenerife.com\\\/en\\\/product\\\/traslado-desde-santa-cruz-al-aeropuerto-sur\\\/#primaryimage\",\"url\":\"https:\\\/\\\/taxitourtenerife.com\\\/wp-content\\\/uploads\\\/2024\\\/06\\\/aeropuerto-tfs.jpg\",\"contentUrl\":\"https:\\\/\\\/taxitourtenerife.com\\\/wp-content\\\/uploads\\\/2024\\\/06\\\/aeropuerto-tfs.jpg\",\"width\":648,\"height\":648,\"caption\":\"Traslado Aeropuerto Tenerife Sur\"},{\"@type\":\"BreadcrumbList\",\"@id\":\"https:\\\/\\\/taxitourtenerife.com\\\/en\\\/product\\\/traslado-desde-santa-cruz-al-aeropuerto-sur\\\/#breadcrumb\",\"itemListElement\":[{\"@type\":\"ListItem\",\"position\":1,\"name\":\"Inicio\",\"item\":\"https:\\\/\\\/taxitourtenerife.com\\\/en\\\/\"},{\"@type\":\"ListItem\",\"position\":2,\"name\":\"Tienda\",\"item\":\"https:\\\/\\\/taxitourtenerife.com\\\/en\\\/tienda\\\/\"},{\"@type\":\"ListItem\",\"position\":3,\"name\":\"Transfer from Santa Cruz to South Airport\"}]},{\"@type\":\"WebSite\",\"@id\":\"https:\\\/\\\/taxitourtenerife.com\\\/en\\\/#website\",\"url\":\"https:\\\/\\\/taxitourtenerife.com\\\/en\\\/\",\"name\":\"Taxi Tour Tenerife\",\"description\":\"Reserve TAXI para su transfer a puertos y aeropuertos, Rutas privadas por la isla y traslados a cualquier lugar de Tenerife - Descubra la Isla en TAXI\",\"publisher\":{\"@id\":\"https:\\\/\\\/taxitourtenerife.com\\\/en\\\/#organization\"},\"alternateName\":\"Taxitour\",\"potentialAction\":[{\"@type\":\"SearchAction\",\"target\":{\"@type\":\"EntryPoint\",\"urlTemplate\":\"https:\\\/\\\/taxitourtenerife.com\\\/en\\\/?s={search_term_string}\"},\"query-input\":{\"@type\":\"PropertyValueSpecification\",\"valueRequired\":true,\"valueName\":\"search_term_string\"}}],\"inLanguage\":\"en-US\"},{\"@type\":\"Organization\",\"@id\":\"https:\\\/\\\/taxitourtenerife.com\\\/en\\\/#organization\",\"name\":\"Taxi Tour Tenerife\",\"alternateName\":\"Taxi Tenerife\",\"url\":\"https:\\\/\\\/taxitourtenerife.com\\\/en\\\/\",\"logo\":{\"@type\":\"ImageObject\",\"inLanguage\":\"en-US\",\"@id\":\"https:\\\/\\\/taxitourtenerife.com\\\/en\\\/#\\\/schema\\\/logo\\\/image\\\/\",\"url\":\"https:\\\/\\\/taxitourtenerife.com\\\/wp-content\\\/uploads\\\/2019\\\/03\\\/logo-oscuro.png\",\"contentUrl\":\"https:\\\/\\\/taxitourtenerife.com\\\/wp-content\\\/uploads\\\/2019\\\/03\\\/logo-oscuro.png\",\"width\":350,\"height\":102,\"caption\":\"Taxi Tour Tenerife\"},\"image\":{\"@id\":\"https:\\\/\\\/taxitourtenerife.com\\\/en\\\/#\\\/schema\\\/logo\\\/image\\\/\"},\"sameAs\":[\"https:\\\/\\\/www.facebook.com\\\/taxitourtf\\\/\",\"https:\\\/\\\/x.com\\\/taxitourtf\",\"https:\\\/\\\/www.instagram.com\\\/taxitourtenerife\\\/\",\"https:\\\/\\\/www.youtube.com\\\/channel\\\/UCaagA57xYHgFFr1YSzKyhig\"],\"description\":\"Descubre Tenerife de una forma \u00fanica y personalizada con Taxi Tour Tenerife. Somos expertos en crear experiencias inolvidables, combinando la comodidad de un transporte privado con el encanto de las mejores rutas tur\u00edsticas de la isla. Nuestra flota moderna y conductores locales cualificados est\u00e1n listos para mostrarte los rincones m\u00e1s espectaculares, desde paisajes volc\u00e1nicos hasta playas paradis\u00edacas. \u00a1D\u00e9janos ser tu conductor en Tenerife!\",\"email\":\"info@taxitourtenerife.com\",\"telephone\":\"+34616487962\",\"legalName\":\"Taxi & Bus Tenerife S.L.\",\"foundingDate\":\"2021-10-30\",\"vatID\":\"30529396R\",\"taxID\":\"30529396R\",\"numberOfEmployees\":{\"@type\":\"QuantitativeValue\",\"minValue\":\"1\",\"maxValue\":\"10\"}}]}<\/script>\n<!-- \/ Yoast SEO Premium plugin. -->","yoast_head_json":{"title":"Transfer from Santa Cruz to South Airport - Taxi Tour Tenerife","description":"Traslado desde Santa Cruz de Tenerife al Aeropuerto de Tenerife Sur, TFS. Precio estimado para 4 pajeros desde Santa Cruz de Tenerife al Aeropuerto TFS.","robots":{"index":"index","follow":"follow","max-snippet":"max-snippet:-1","max-image-preview":"max-image-preview:large","max-video-preview":"max-video-preview:-1"},"canonical":"https:\/\/taxitourtenerife.com\/en\/product\/traslado-desde-santa-cruz-al-aeropuerto-sur\/","og_locale":"en_US","og_type":"article","og_title":"Transfer from Santa Cruz to South Airport","og_description":"Traslado desde Santa Cruz de Tenerife al Aeropuerto de Tenerife Sur, TFS. Precio estimado para 4 pajeros desde Santa Cruz de Tenerife al Aeropuerto TFS.","og_url":"https:\/\/taxitourtenerife.com\/en\/product\/traslado-desde-santa-cruz-al-aeropuerto-sur\/","og_site_name":"Taxi Tour Tenerife","article_publisher":"https:\/\/www.facebook.com\/taxitourtf\/","article_modified_time":"2025-10-06T20:51:02+00:00","og_image":[{"width":648,"height":648,"url":"https:\/\/taxitourtenerife.com\/wp-content\/uploads\/2024\/06\/aeropuerto-tfs.jpg","type":"image\/jpeg"}],"twitter_card":"summary_large_image","twitter_site":"@taxitourtf","twitter_misc":{"Est. reading time":"1 minute"},"schema":{"@context":"https:\/\/schema.org","@graph":[{"@type":"WebPage","@id":"https:\/\/taxitourtenerife.com\/en\/product\/traslado-desde-santa-cruz-al-aeropuerto-sur\/","url":"https:\/\/taxitourtenerife.com\/en\/product\/traslado-desde-santa-cruz-al-aeropuerto-sur\/","name":"Transfer from Santa Cruz to South Airport - Taxi Tour Tenerife","isPartOf":{"@id":"https:\/\/taxitourtenerife.com\/en\/#website"},"primaryImageOfPage":{"@id":"https:\/\/taxitourtenerife.com\/en\/product\/traslado-desde-santa-cruz-al-aeropuerto-sur\/#primaryimage"},"image":{"@id":"https:\/\/taxitourtenerife.com\/en\/product\/traslado-desde-santa-cruz-al-aeropuerto-sur\/#primaryimage"},"thumbnailUrl":"https:\/\/taxitourtenerife.com\/wp-content\/uploads\/2024\/06\/aeropuerto-tfs.jpg","datePublished":"2024-06-22T23:25:27+00:00","dateModified":"2025-10-06T20:51:02+00:00","description":"Traslado desde Santa Cruz de Tenerife al Aeropuerto de Tenerife Sur, TFS. Precio estimado para 4 pajeros desde Santa Cruz de Tenerife al Aeropuerto TFS.","breadcrumb":{"@id":"https:\/\/taxitourtenerife.com\/en\/product\/traslado-desde-santa-cruz-al-aeropuerto-sur\/#breadcrumb"},"inLanguage":"en-US","potentialAction":[{"@type":"ReadAction","target":["https:\/\/taxitourtenerife.com\/en\/product\/traslado-desde-santa-cruz-al-aeropuerto-sur\/"]}]},{"@type":"ImageObject","inLanguage":"en-US","@id":"https:\/\/taxitourtenerife.com\/en\/product\/traslado-desde-santa-cruz-al-aeropuerto-sur\/#primaryimage","url":"https:\/\/taxitourtenerife.com\/wp-content\/uploads\/2024\/06\/aeropuerto-tfs.jpg","contentUrl":"https:\/\/taxitourtenerife.com\/wp-content\/uploads\/2024\/06\/aeropuerto-tfs.jpg","width":648,"height":648,"caption":"Traslado Aeropuerto Tenerife Sur"},{"@type":"BreadcrumbList","@id":"https:\/\/taxitourtenerife.com\/en\/product\/traslado-desde-santa-cruz-al-aeropuerto-sur\/#breadcrumb","itemListElement":[{"@type":"ListItem","position":1,"name":"Inicio","item":"https:\/\/taxitourtenerife.com\/en\/"},{"@type":"ListItem","position":2,"name":"Tienda","item":"https:\/\/taxitourtenerife.com\/en\/tienda\/"},{"@type":"ListItem","position":3,"name":"Transfer from Santa Cruz to South Airport"}]},{"@type":"WebSite","@id":"https:\/\/taxitourtenerife.com\/en\/#website","url":"https:\/\/taxitourtenerife.com\/en\/","name":"Taxi Tour Tenerife","description":"Reserve TAXI para su transfer a puertos y aeropuertos, Rutas privadas por la isla y traslados a cualquier lugar de Tenerife - Descubra la Isla en TAXI","publisher":{"@id":"https:\/\/taxitourtenerife.com\/en\/#organization"},"alternateName":"Taxitour","potentialAction":[{"@type":"SearchAction","target":{"@type":"EntryPoint","urlTemplate":"https:\/\/taxitourtenerife.com\/en\/?s={search_term_string}"},"query-input":{"@type":"PropertyValueSpecification","valueRequired":true,"valueName":"search_term_string"}}],"inLanguage":"en-US"},{"@type":"Organization","@id":"https:\/\/taxitourtenerife.com\/en\/#organization","name":"Taxi Tour Tenerife","alternateName":"Taxi Tenerife","url":"https:\/\/taxitourtenerife.com\/en\/","logo":{"@type":"ImageObject","inLanguage":"en-US","@id":"https:\/\/taxitourtenerife.com\/en\/#\/schema\/logo\/image\/","url":"https:\/\/taxitourtenerife.com\/wp-content\/uploads\/2019\/03\/logo-oscuro.png","contentUrl":"https:\/\/taxitourtenerife.com\/wp-content\/uploads\/2019\/03\/logo-oscuro.png","width":350,"height":102,"caption":"Taxi Tour Tenerife"},"image":{"@id":"https:\/\/taxitourtenerife.com\/en\/#\/schema\/logo\/image\/"},"sameAs":["https:\/\/www.facebook.com\/taxitourtf\/","https:\/\/x.com\/taxitourtf","https:\/\/www.instagram.com\/taxitourtenerife\/","https:\/\/www.youtube.com\/channel\/UCaagA57xYHgFFr1YSzKyhig"],"description":"Descubre Tenerife de una forma \u00fanica y personalizada con Taxi Tour Tenerife. Somos expertos en crear experiencias inolvidables, combinando la comodidad de un transporte privado con el encanto de las mejores rutas tur\u00edsticas de la isla. Nuestra flota moderna y conductores locales cualificados est\u00e1n listos para mostrarte los rincones m\u00e1s espectaculares, desde paisajes volc\u00e1nicos hasta playas paradis\u00edacas. \u00a1D\u00e9janos ser tu conductor en Tenerife!","email":"info@taxitourtenerife.com","telephone":"+34616487962","legalName":"Taxi & Bus Tenerife S.L.","foundingDate":"2021-10-30","vatID":"30529396R","taxID":"30529396R","numberOfEmployees":{"@type":"QuantitativeValue","minValue":"1","maxValue":"10"}}]}},"_links":{"self":[{"href":"https:\/\/taxitourtenerife.com\/en\/wp-json\/wp\/v2\/product\/32754","targetHints":{"allow":["GET"]}}],"collection":[{"href":"https:\/\/taxitourtenerife.com\/en\/wp-json\/wp\/v2\/product"}],"about":[{"href":"https:\/\/taxitourtenerife.com\/en\/wp-json\/wp\/v2\/types\/product"}],"replies":[{"embeddable":true,"href":"https:\/\/taxitourtenerife.com\/en\/wp-json\/wp\/v2\/comments?post=32754"}],"wp:featuredmedia":[{"embeddable":true,"href":"https:\/\/taxitourtenerife.com\/en\/wp-json\/wp\/v2\/media\/31266"}],"wp:attachment":[{"href":"https:\/\/taxitourtenerife.com\/en\/wp-json\/wp\/v2\/media?parent=32754"}],"wp:term":[{"taxonomy":"product_brand","embeddable":true,"href":"https:\/\/taxitourtenerife.com\/en\/wp-json\/wp\/v2\/product_brand?post=32754"},{"taxonomy":"product_cat","embeddable":true,"href":"https:\/\/taxitourtenerife.com\/en\/wp-json\/wp\/v2\/product_cat?post=32754"},{"taxonomy":"product_tag","embeddable":true,"href":"https:\/\/taxitourtenerife.com\/en\/wp-json\/wp\/v2\/product_tag?post=32754"}],"curies":[{"name":"wp","href":"https:\/\/api.w.org\/{rel}","templated":true}]}}