{"id":16216,"date":"2019-04-16T21:47:55","date_gmt":"2019-04-16T20:47:55","guid":{"rendered":"https:\/\/taxitourtenerife.com\/?page_id=16216"},"modified":"2020-09-02T01:20:45","modified_gmt":"2020-09-02T00:20:45","slug":"teide-gigantes-cristianos","status":"publish","type":"page","link":"https:\/\/taxitourtenerife.com\/en\/booking\/routes\/teide-gigantes-cristianos\/","title":{"rendered":"Tour 8 Teide &#8211; Los Gigantes &#8211; Los Cristianos"},"content":{"rendered":"","protected":false},"excerpt":{"rendered":"","protected":false},"author":1,"featured_media":25766,"parent":13397,"menu_order":0,"comment_status":"closed","ping_status":"closed","template":"","meta":{"_joinchat":[],"footnotes":""},"class_list":["post-16216","page","type-page","status-publish","has-post-thumbnail","hentry"],"yoast_head":"<!-- This site is optimized with the Yoast SEO Premium plugin v27.4 (Yoast SEO v27.4) - https:\/\/yoast.com\/product\/yoast-seo-premium-wordpress\/ -->\n<title>Tour 8 Teide - Los Gigantes - Los Cristianos - Taxi Tour Tenerife<\/title>\n<meta name=\"description\" content=\"Tour Teide, Cliff of Los Gigantes, Costa Adeje and Los Cristianos, Tourist Route by P. N. del Teide is the most visited in Spain\" \/>\n<meta name=\"robots\" content=\"index, follow, max-snippet:-1, max-image-preview:large, max-video-preview:-1\" \/>\n<link rel=\"canonical\" href=\"https:\/\/taxitourtenerife.com\/en\/booking\/routes\/teide-gigantes-cristianos\/\" \/>\n<meta property=\"og:locale\" content=\"en_US\" \/>\n<meta property=\"og:type\" content=\"article\" \/>\n<meta property=\"og:title\" content=\"Tour 8 Teide - Los Gigantes - Los Cristianos\" \/>\n<meta property=\"og:description\" content=\"Tour Teide, Cliff of Los Gigantes, Costa Adeje and Los Cristianos, Tourist Route by P. N. del Teide is the most visited in Spain\" \/>\n<meta property=\"og:url\" content=\"https:\/\/taxitourtenerife.com\/en\/booking\/routes\/teide-gigantes-cristianos\/\" \/>\n<meta property=\"og:site_name\" content=\"Taxi Tour Tenerife\" \/>\n<meta property=\"article:publisher\" content=\"https:\/\/www.facebook.com\/taxitourtf\/\" \/>\n<meta property=\"article:modified_time\" content=\"2020-09-02T00:20:45+00:00\" \/>\n<meta property=\"og:image\" content=\"https:\/\/taxitourtenerife.com\/wp-content\/uploads\/2020\/04\/teide-sur-en.jpg\" \/>\n\t<meta property=\"og:image:width\" content=\"648\" \/>\n\t<meta property=\"og:image:height\" content=\"648\" \/>\n\t<meta property=\"og:image:type\" content=\"image\/jpeg\" \/>\n<meta name=\"twitter:card\" content=\"summary_large_image\" \/>\n<meta name=\"twitter:site\" content=\"@taxitourtf\" \/>\n<script type=\"application\/ld+json\" class=\"yoast-schema-graph\">{\"@context\":\"https:\\\/\\\/schema.org\",\"@graph\":[{\"@type\":\"WebPage\",\"@id\":\"https:\\\/\\\/taxitourtenerife.com\\\/en\\\/booking\\\/routes\\\/teide-gigantes-cristianos\\\/\",\"url\":\"https:\\\/\\\/taxitourtenerife.com\\\/en\\\/booking\\\/routes\\\/teide-gigantes-cristianos\\\/\",\"name\":\"Tour 8 Teide - Los Gigantes - Los Cristianos - Taxi Tour Tenerife\",\"isPartOf\":{\"@id\":\"https:\\\/\\\/taxitourtenerife.com\\\/en\\\/#website\"},\"primaryImageOfPage\":{\"@id\":\"https:\\\/\\\/taxitourtenerife.com\\\/en\\\/booking\\\/routes\\\/teide-gigantes-cristianos\\\/#primaryimage\"},\"image\":{\"@id\":\"https:\\\/\\\/taxitourtenerife.com\\\/en\\\/booking\\\/routes\\\/teide-gigantes-cristianos\\\/#primaryimage\"},\"thumbnailUrl\":\"https:\\\/\\\/taxitourtenerife.com\\\/wp-content\\\/uploads\\\/2020\\\/04\\\/teide-sur-en.jpg\",\"datePublished\":\"2019-04-16T20:47:55+00:00\",\"dateModified\":\"2020-09-02T00:20:45+00:00\",\"description\":\"Tour Teide, Cliff of Los Gigantes, Costa Adeje and Los Cristianos, Tourist Route by P. N. del Teide is the most visited in Spain\",\"breadcrumb\":{\"@id\":\"https:\\\/\\\/taxitourtenerife.com\\\/en\\\/booking\\\/routes\\\/teide-gigantes-cristianos\\\/#breadcrumb\"},\"inLanguage\":\"en-US\",\"potentialAction\":[{\"@type\":\"ReadAction\",\"target\":[\"https:\\\/\\\/taxitourtenerife.com\\\/en\\\/booking\\\/routes\\\/teide-gigantes-cristianos\\\/\"]}]},{\"@type\":\"ImageObject\",\"inLanguage\":\"en-US\",\"@id\":\"https:\\\/\\\/taxitourtenerife.com\\\/en\\\/booking\\\/routes\\\/teide-gigantes-cristianos\\\/#primaryimage\",\"url\":\"https:\\\/\\\/taxitourtenerife.com\\\/wp-content\\\/uploads\\\/2020\\\/04\\\/teide-sur-en.jpg\",\"contentUrl\":\"https:\\\/\\\/taxitourtenerife.com\\\/wp-content\\\/uploads\\\/2020\\\/04\\\/teide-sur-en.jpg\",\"width\":648,\"height\":648,\"caption\":\"Tourist Route through Mount Teide and South of the island by TAXI\"},{\"@type\":\"BreadcrumbList\",\"@id\":\"https:\\\/\\\/taxitourtenerife.com\\\/en\\\/booking\\\/routes\\\/teide-gigantes-cristianos\\\/#breadcrumb\",\"itemListElement\":[{\"@type\":\"ListItem\",\"position\":1,\"name\":\"Inicio\",\"item\":\"https:\\\/\\\/taxitourtenerife.com\\\/en\\\/\"},{\"@type\":\"ListItem\",\"position\":2,\"name\":\"Book TAXI for your Transfers\",\"item\":\"https:\\\/\\\/taxitourtenerife.com\\\/en\\\/booking\\\/\"},{\"@type\":\"ListItem\",\"position\":3,\"name\":\"Tourist Routes\",\"item\":\"https:\\\/\\\/taxitourtenerife.com\\\/en\\\/booking\\\/routes\\\/\"},{\"@type\":\"ListItem\",\"position\":4,\"name\":\"Tour 8 Teide &#8211; Los Gigantes &#8211; Los Cristianos\"}]},{\"@type\":\"WebSite\",\"@id\":\"https:\\\/\\\/taxitourtenerife.com\\\/en\\\/#website\",\"url\":\"https:\\\/\\\/taxitourtenerife.com\\\/en\\\/\",\"name\":\"Taxi Tour Tenerife\",\"description\":\"Reserve TAXI para su transfer a puertos y aeropuertos, Rutas privadas por la isla y traslados a cualquier lugar de Tenerife - Descubra la Isla en TAXI\",\"publisher\":{\"@id\":\"https:\\\/\\\/taxitourtenerife.com\\\/en\\\/#organization\"},\"alternateName\":\"Taxitour\",\"potentialAction\":[{\"@type\":\"SearchAction\",\"target\":{\"@type\":\"EntryPoint\",\"urlTemplate\":\"https:\\\/\\\/taxitourtenerife.com\\\/en\\\/?s={search_term_string}\"},\"query-input\":{\"@type\":\"PropertyValueSpecification\",\"valueRequired\":true,\"valueName\":\"search_term_string\"}}],\"inLanguage\":\"en-US\"},{\"@type\":\"Organization\",\"@id\":\"https:\\\/\\\/taxitourtenerife.com\\\/en\\\/#organization\",\"name\":\"Taxi Tour Tenerife\",\"alternateName\":\"Taxi Tenerife\",\"url\":\"https:\\\/\\\/taxitourtenerife.com\\\/en\\\/\",\"logo\":{\"@type\":\"ImageObject\",\"inLanguage\":\"en-US\",\"@id\":\"https:\\\/\\\/taxitourtenerife.com\\\/en\\\/#\\\/schema\\\/logo\\\/image\\\/\",\"url\":\"https:\\\/\\\/taxitourtenerife.com\\\/wp-content\\\/uploads\\\/2019\\\/03\\\/logo-oscuro.png\",\"contentUrl\":\"https:\\\/\\\/taxitourtenerife.com\\\/wp-content\\\/uploads\\\/2019\\\/03\\\/logo-oscuro.png\",\"width\":350,\"height\":102,\"caption\":\"Taxi Tour Tenerife\"},\"image\":{\"@id\":\"https:\\\/\\\/taxitourtenerife.com\\\/en\\\/#\\\/schema\\\/logo\\\/image\\\/\"},\"sameAs\":[\"https:\\\/\\\/www.facebook.com\\\/taxitourtf\\\/\",\"https:\\\/\\\/x.com\\\/taxitourtf\",\"https:\\\/\\\/www.instagram.com\\\/taxitourtenerife\\\/\",\"https:\\\/\\\/www.youtube.com\\\/channel\\\/UCaagA57xYHgFFr1YSzKyhig\"],\"description\":\"Descubre Tenerife de una forma \u00fanica y personalizada con Taxi Tour Tenerife. Somos expertos en crear experiencias inolvidables, combinando la comodidad de un transporte privado con el encanto de las mejores rutas tur\u00edsticas de la isla. Nuestra flota moderna y conductores locales cualificados est\u00e1n listos para mostrarte los rincones m\u00e1s espectaculares, desde paisajes volc\u00e1nicos hasta playas paradis\u00edacas. \u00a1D\u00e9janos ser tu conductor en Tenerife!\",\"email\":\"info@taxitourtenerife.com\",\"telephone\":\"+34616487962\",\"legalName\":\"Taxi & Bus Tenerife S.L.\",\"foundingDate\":\"2021-10-30\",\"vatID\":\"30529396R\",\"taxID\":\"30529396R\",\"numberOfEmployees\":{\"@type\":\"QuantitativeValue\",\"minValue\":\"1\",\"maxValue\":\"10\"}}]}<\/script>\n<!-- \/ Yoast SEO Premium plugin. -->","yoast_head_json":{"title":"Tour 8 Teide - Los Gigantes - Los Cristianos - Taxi Tour Tenerife","description":"Tour Teide, Cliff of Los Gigantes, Costa Adeje and Los Cristianos, Tourist Route by P. N. del Teide is the most visited in Spain","robots":{"index":"index","follow":"follow","max-snippet":"max-snippet:-1","max-image-preview":"max-image-preview:large","max-video-preview":"max-video-preview:-1"},"canonical":"https:\/\/taxitourtenerife.com\/en\/booking\/routes\/teide-gigantes-cristianos\/","og_locale":"en_US","og_type":"article","og_title":"Tour 8 Teide - Los Gigantes - Los Cristianos","og_description":"Tour Teide, Cliff of Los Gigantes, Costa Adeje and Los Cristianos, Tourist Route by P. N. del Teide is the most visited in Spain","og_url":"https:\/\/taxitourtenerife.com\/en\/booking\/routes\/teide-gigantes-cristianos\/","og_site_name":"Taxi Tour Tenerife","article_publisher":"https:\/\/www.facebook.com\/taxitourtf\/","article_modified_time":"2020-09-02T00:20:45+00:00","og_image":[{"width":648,"height":648,"url":"https:\/\/taxitourtenerife.com\/wp-content\/uploads\/2020\/04\/teide-sur-en.jpg","type":"image\/jpeg"}],"twitter_card":"summary_large_image","twitter_site":"@taxitourtf","schema":{"@context":"https:\/\/schema.org","@graph":[{"@type":"WebPage","@id":"https:\/\/taxitourtenerife.com\/en\/booking\/routes\/teide-gigantes-cristianos\/","url":"https:\/\/taxitourtenerife.com\/en\/booking\/routes\/teide-gigantes-cristianos\/","name":"Tour 8 Teide - Los Gigantes - Los Cristianos - Taxi Tour Tenerife","isPartOf":{"@id":"https:\/\/taxitourtenerife.com\/en\/#website"},"primaryImageOfPage":{"@id":"https:\/\/taxitourtenerife.com\/en\/booking\/routes\/teide-gigantes-cristianos\/#primaryimage"},"image":{"@id":"https:\/\/taxitourtenerife.com\/en\/booking\/routes\/teide-gigantes-cristianos\/#primaryimage"},"thumbnailUrl":"https:\/\/taxitourtenerife.com\/wp-content\/uploads\/2020\/04\/teide-sur-en.jpg","datePublished":"2019-04-16T20:47:55+00:00","dateModified":"2020-09-02T00:20:45+00:00","description":"Tour Teide, Cliff of Los Gigantes, Costa Adeje and Los Cristianos, Tourist Route by P. N. del Teide is the most visited in Spain","breadcrumb":{"@id":"https:\/\/taxitourtenerife.com\/en\/booking\/routes\/teide-gigantes-cristianos\/#breadcrumb"},"inLanguage":"en-US","potentialAction":[{"@type":"ReadAction","target":["https:\/\/taxitourtenerife.com\/en\/booking\/routes\/teide-gigantes-cristianos\/"]}]},{"@type":"ImageObject","inLanguage":"en-US","@id":"https:\/\/taxitourtenerife.com\/en\/booking\/routes\/teide-gigantes-cristianos\/#primaryimage","url":"https:\/\/taxitourtenerife.com\/wp-content\/uploads\/2020\/04\/teide-sur-en.jpg","contentUrl":"https:\/\/taxitourtenerife.com\/wp-content\/uploads\/2020\/04\/teide-sur-en.jpg","width":648,"height":648,"caption":"Tourist Route through Mount Teide and South of the island by TAXI"},{"@type":"BreadcrumbList","@id":"https:\/\/taxitourtenerife.com\/en\/booking\/routes\/teide-gigantes-cristianos\/#breadcrumb","itemListElement":[{"@type":"ListItem","position":1,"name":"Inicio","item":"https:\/\/taxitourtenerife.com\/en\/"},{"@type":"ListItem","position":2,"name":"Book TAXI for your Transfers","item":"https:\/\/taxitourtenerife.com\/en\/booking\/"},{"@type":"ListItem","position":3,"name":"Tourist Routes","item":"https:\/\/taxitourtenerife.com\/en\/booking\/routes\/"},{"@type":"ListItem","position":4,"name":"Tour 8 Teide &#8211; Los Gigantes &#8211; Los Cristianos"}]},{"@type":"WebSite","@id":"https:\/\/taxitourtenerife.com\/en\/#website","url":"https:\/\/taxitourtenerife.com\/en\/","name":"Taxi Tour Tenerife","description":"Reserve TAXI para su transfer a puertos y aeropuertos, Rutas privadas por la isla y traslados a cualquier lugar de Tenerife - Descubra la Isla en TAXI","publisher":{"@id":"https:\/\/taxitourtenerife.com\/en\/#organization"},"alternateName":"Taxitour","potentialAction":[{"@type":"SearchAction","target":{"@type":"EntryPoint","urlTemplate":"https:\/\/taxitourtenerife.com\/en\/?s={search_term_string}"},"query-input":{"@type":"PropertyValueSpecification","valueRequired":true,"valueName":"search_term_string"}}],"inLanguage":"en-US"},{"@type":"Organization","@id":"https:\/\/taxitourtenerife.com\/en\/#organization","name":"Taxi Tour Tenerife","alternateName":"Taxi Tenerife","url":"https:\/\/taxitourtenerife.com\/en\/","logo":{"@type":"ImageObject","inLanguage":"en-US","@id":"https:\/\/taxitourtenerife.com\/en\/#\/schema\/logo\/image\/","url":"https:\/\/taxitourtenerife.com\/wp-content\/uploads\/2019\/03\/logo-oscuro.png","contentUrl":"https:\/\/taxitourtenerife.com\/wp-content\/uploads\/2019\/03\/logo-oscuro.png","width":350,"height":102,"caption":"Taxi Tour Tenerife"},"image":{"@id":"https:\/\/taxitourtenerife.com\/en\/#\/schema\/logo\/image\/"},"sameAs":["https:\/\/www.facebook.com\/taxitourtf\/","https:\/\/x.com\/taxitourtf","https:\/\/www.instagram.com\/taxitourtenerife\/","https:\/\/www.youtube.com\/channel\/UCaagA57xYHgFFr1YSzKyhig"],"description":"Descubre Tenerife de una forma \u00fanica y personalizada con Taxi Tour Tenerife. Somos expertos en crear experiencias inolvidables, combinando la comodidad de un transporte privado con el encanto de las mejores rutas tur\u00edsticas de la isla. Nuestra flota moderna y conductores locales cualificados est\u00e1n listos para mostrarte los rincones m\u00e1s espectaculares, desde paisajes volc\u00e1nicos hasta playas paradis\u00edacas. \u00a1D\u00e9janos ser tu conductor en Tenerife!","email":"info@taxitourtenerife.com","telephone":"+34616487962","legalName":"Taxi & Bus Tenerife S.L.","foundingDate":"2021-10-30","vatID":"30529396R","taxID":"30529396R","numberOfEmployees":{"@type":"QuantitativeValue","minValue":"1","maxValue":"10"}}]}},"_links":{"self":[{"href":"https:\/\/taxitourtenerife.com\/en\/wp-json\/wp\/v2\/pages\/16216","targetHints":{"allow":["GET"]}}],"collection":[{"href":"https:\/\/taxitourtenerife.com\/en\/wp-json\/wp\/v2\/pages"}],"about":[{"href":"https:\/\/taxitourtenerife.com\/en\/wp-json\/wp\/v2\/types\/page"}],"author":[{"embeddable":true,"href":"https:\/\/taxitourtenerife.com\/en\/wp-json\/wp\/v2\/users\/1"}],"replies":[{"embeddable":true,"href":"https:\/\/taxitourtenerife.com\/en\/wp-json\/wp\/v2\/comments?post=16216"}],"version-history":[{"count":0,"href":"https:\/\/taxitourtenerife.com\/en\/wp-json\/wp\/v2\/pages\/16216\/revisions"}],"up":[{"embeddable":true,"href":"https:\/\/taxitourtenerife.com\/en\/wp-json\/wp\/v2\/pages\/13397"}],"wp:featuredmedia":[{"embeddable":true,"href":"https:\/\/taxitourtenerife.com\/en\/wp-json\/wp\/v2\/media\/25766"}],"wp:attachment":[{"href":"https:\/\/taxitourtenerife.com\/en\/wp-json\/wp\/v2\/media?parent=16216"}],"curies":[{"name":"wp","href":"https:\/\/api.w.org\/{rel}","templated":true}]}}